{"id":7,"date":"2025-02-26T16:48:15","date_gmt":"2025-02-26T16:48:15","guid":{"rendered":"https:\/\/ottomillrath.com\/?page_id=7"},"modified":"2026-05-13T13:27:10","modified_gmt":"2026-05-13T13:27:10","slug":"home","status":"publish","type":"page","link":"https:\/\/ottomillrath.com\/","title":{"rendered":"Home"},"content":{"rendered":"\n<div class=\"wp-block-cover alignfull home-banner\" style=\"min-height:620px;aspect-ratio:unset;\"><span aria-hidden=\"true\" class=\"wp-block-cover__background has-background-dim-100 has-background-dim has-background-gradient\" style=\"background:linear-gradient(180.04deg, #2D2C52 4.77%, #7C29C4 119.73%)\"><\/span><div class=\"wp-block-cover__inner-container is-layout-flow wp-block-cover-is-layout-flow\">\n<div class=\"wp-block-group alignwide\"><div class=\"wp-block-group__inner-container is-layout-constrained wp-block-group-is-layout-constrained\">\n<div class=\"wp-block-media-text alignwide has-media-on-the-right is-stacked-on-mobile is-vertically-aligned-center\" style=\"grid-template-columns:auto 43%\"><div class=\"wp-block-media-text__content\">\n<h1 class=\"wp-block-heading has-text-align-left has-text-color\" style=\"margin-bottom:18px\">Transforme sua presen\u00e7a digital<\/h1>\n\n\n\n<p><p class=\"has-text-color\" style=\"font-size:24px;margin-top:0px;margin-bottom:37px\">Imagine ter uma consultoria digital poderosa ao seu alcance, criada sob medida para impulsionar seu neg\u00f3cio.<\/p><\/p>\n\n\n\n<div class=\"wp-block-buttons is-layout-flex wp-block-buttons-is-layout-flex\">\n<div class=\"wp-block-button\"><a class=\"wp-block-button__link wp-element-button\" href=\"#\">Conhe\u00e7a mais!<\/a><\/div>\n<\/div>\n<\/div><figure class=\"wp-block-media-text__media\"><img decoding=\"async\" src=\"https:\/\/ottomillrath.com\/wp-content\/themes\/responsive\/admin\/images\/hero.svg\" alt=\"hero\" class=\"wp-image-6 size-full\"\/><\/figure><\/div>\n<\/div><\/div>\n<\/div><\/div>\n\n\n\n<div class=\"wp-block-group alignfull services\" id=\"services\" style=\"padding-top:120px;padding-right:80px;padding-bottom:120px;padding-left:80px\"><div class=\"wp-block-group__inner-container is-layout-constrained wp-container-core-group-is-layout-d841fe85 wp-block-group-is-layout-constrained\">\n<h2 class=\"wp-block-heading has-text-align-center\" style=\"margin-bottom:0px\">Nossos Servi\u00e7os<\/h2>\n\n\n\n<div class=\"wp-block-columns is-layout-flex wp-container-core-columns-is-layout-25b8628f wp-block-columns-is-layout-flex\" style=\"margin-top:77px\">\n<div class=\"wp-block-column is-layout-flow wp-block-column-is-layout-flow\">\n<figure class=\"wp-block-image size-full is-style-default\"><img decoding=\"async\" src=\"https:\/\/ottomillrath.com\/wp-content\/themes\/responsive\/admin\/images\/webdesign.svg\" alt=\"Web Design\" class=\"wp-image-7\"\/><\/figure>\n\n\n\n<h3 class=\"wp-block-heading has-text-align-center\" style=\"margin-top:0px;margin-bottom:18px\">Solu\u00e7\u00f5es em Sites e Plataformas<\/h3>\n\n\n\n<p class=\"has-text-align-center\">Criamos sites modernos e funcionais para fortalecer sua presen\u00e7a digital. De p\u00e1ginas institucionais a e-commerces, entregamos interfaces intuitivas e responsivas.<\/p>\n<\/div>\n\n\n\n<div class=\"wp-block-column is-layout-flow wp-block-column-is-layout-flow\">\n<figure class=\"wp-block-image size-full\"><img decoding=\"async\" src=\"https:\/\/ottomillrath.com\/wp-content\/themes\/responsive\/admin\/images\/webdevelopment.svg\" alt=\"Web Development\" class=\"wp-image-8\"\/><\/figure>\n\n\n\n<h3 class=\"wp-block-heading has-text-align-center\" style=\"margin-top:0px;margin-bottom:18px\"><strong>Desenvolvimento de Sistemas e Aplica\u00e7\u00f5es<\/strong><\/h3>\n\n\n\n<p class=\"has-text-align-center\">Desenvolvemos sistemas personalizados para otimizar processos e aumentar sua efici\u00eancia. Solu\u00e7\u00f5es escal\u00e1veis, seguras e adaptadas \u00e0s suas necessidades.<\/p>\n<\/div>\n\n\n\n<div class=\"wp-block-column is-layout-flow wp-block-column-is-layout-flow\">\n<figure class=\"wp-block-image size-full\"><img decoding=\"async\" src=\"https:\/\/ottomillrath.com\/wp-content\/themes\/responsive\/admin\/images\/marketingservices.svg\" alt=\"Marketing Services\" class=\"wp-image-9\"\/><\/figure>\n\n\n\n<h3 class=\"wp-block-heading has-text-align-center\" style=\"margin-top:0px;margin-bottom:18px\">Estrat\u00e9gias Digitais e Automa\u00e7\u00e3o<\/h3>\n\n\n\n<p class=\"has-text-align-center\">Aprimore sua presen\u00e7a online com automa\u00e7\u00e3o e estrat\u00e9gias digitais. Desde capta\u00e7\u00e3o de leads at\u00e9 campanhas inteligentes para aumentar <\/p>\n\n\n\n<p class=\"has-text-align-center\">resultados.<\/p>\n<\/div>\n<\/div>\n<\/div><\/div>\n\n\n\n<div class=\"wp-block-group alignfull about\" id=\"about\" style=\"padding-top:120px;padding-right:80px;padding-bottom:124px;padding-left:80px\"><div class=\"wp-block-group__inner-container is-layout-constrained wp-container-core-group-is-layout-7bb6a760 wp-block-group-is-layout-constrained\">\n<div class=\"wp-block-media-text has-media-on-the-right is-stacked-on-mobile is-vertically-aligned-center\" style=\"grid-template-columns:auto 33%\"><div class=\"wp-block-media-text__content\">\n<div class=\"wp-block-group\"><div class=\"wp-block-group__inner-container is-layout-flow wp-block-group-is-layout-flow\">\n<h2 class=\"wp-block-heading\" style=\"margin-bottom:12px\">Construindo o Futuro Digital, uma consultoria de Cada Vez<\/h2>\n\n\n\n<p><p style=\"margin-top:0px;margin-bottom:18px\">A inova\u00e7\u00e3o come\u00e7a com a cria\u00e7\u00e3o de experi\u00eancias digitais que envolvem e conectam. Cada consultoria que desenvolvemos \u00e9 projetado para transformar a intera\u00e7\u00e3o online, unindo tecnologia avan\u00e7ada, design estrat\u00e9gico e funcionalidade intuitiva.<\/p><\/p>\n\n\n\n<p>Cada projeto que entregamos \u00e9 um passo rumo a um futuro mais conectado e din\u00e2mico. Combinamos inova\u00e7\u00e3o, design e usabilidade para criar solu\u00e7\u00f5es digitais que impulsionam neg\u00f3cios e pessoas.<\/p>\n\n\n\n<p>Se quiser ajustes ou um tom diferente, me avise!<\/p>\n<\/div><\/div>\n<\/div><figure class=\"wp-block-media-text__media\"><img decoding=\"async\" src=\"https:\/\/ottomillrath.com\/wp-content\/themes\/responsive\/admin\/images\/about-us.png\" alt=\"About Us\" class=\"wp-image-10 size-full\"\/><\/figure><\/div>\n<\/div><\/div>\n\n\n\n<div class=\"wp-block-group alignfull whyus has-background\" id=\"whyus\" style=\"background-color:#F6ECFE;padding-top:178px;padding-right:80px;padding-bottom:175px;padding-left:80px\"><div class=\"wp-block-group__inner-container is-layout-constrained wp-container-core-group-is-layout-280f4a43 wp-block-group-is-layout-constrained\">\n<div class=\"wp-block-columns is-layout-flex wp-container-core-columns-is-layout-0b08bd2d wp-block-columns-is-layout-flex\">\n<div class=\"wp-block-column is-layout-flow wp-block-column-is-layout-flow\"><div class=\"wp-block-image\">\n<figure class=\"aligncenter size-full\"><img decoding=\"async\" src=\"https:\/\/ottomillrath.com\/wp-content\/themes\/responsive\/admin\/images\/passionate.svg\" alt=\"Passionate\" class=\"wp-image-11\"\/><\/figure>\n<\/div>\n\n\n<h3 class=\"wp-block-heading has-text-align-center\" style=\"margin-top:16px\">Inspirado<\/h3>\n\n\n\n<p class=\"has-text-align-center\">Movidos pela paix\u00e3o e dedica\u00e7\u00e3o, buscamos a excel\u00eancia em cada projeto que realizamos.<\/p>\n<\/div>\n\n\n\n<div class=\"wp-block-column is-layout-flow wp-block-column-is-layout-flow\"><div class=\"wp-block-image\">\n<figure class=\"aligncenter size-full\"><img decoding=\"async\" src=\"https:\/\/ottomillrath.com\/wp-content\/themes\/responsive\/admin\/images\/professional.svg\" alt=\"Professional\" class=\"wp-image-12\"\/><\/figure>\n<\/div>\n\n\n<h3 class=\"wp-block-heading has-text-align-center\" style=\"margin-top:16px\">Comprometido<\/h3>\n\n\n\n<p class=\"has-text-align-center\">Garantimos qualidade, confiabilidade e expertise para entregar resultados que fazem a diferen\u00e7a.<\/p>\n<\/div>\n\n\n\n<div class=\"wp-block-column is-layout-flow wp-block-column-is-layout-flow\"><div class=\"wp-block-image\">\n<figure class=\"aligncenter size-full\"><img decoding=\"async\" src=\"https:\/\/ottomillrath.com\/wp-content\/themes\/responsive\/admin\/images\/support.svg\" alt=\"Support\" class=\"wp-image-13\"\/><\/figure>\n<\/div>\n\n\n<h3 class=\"wp-block-heading has-text-align-center\" style=\"margin-top:16px\">Apoio Cont\u00ednuo<\/h3>\n\n\n\n<p class=\"has-text-align-center\">Oferecemos suporte confi\u00e1vel e solu\u00e7\u00f5es eficazes para impulsionar seu sucesso a cada etapa.<\/p>\n<\/div>\n<\/div>\n<\/div><\/div>\n\n\n\n<div class=\"wp-block-group alignfull contact has-background\" id=\"contact\" style=\"background:linear-gradient(60.83deg, #2D2C52 -26.89%, #7C29C4 73.99%, #FFFFFF 130.3%);padding-top:194px;padding-bottom:194px\"><div class=\"wp-block-group__inner-container is-layout-constrained wp-container-core-group-is-layout-e6876a08 wp-block-group-is-layout-constrained\">\n<h4 class=\"wp-block-heading has-text-align-center\" style=\"margin-bottom:0px\">Transforme Suas Ideias agora!<br>contato@ottomillrath.com<\/h4>\n\n\n\n<div class=\"wp-block-buttons alignwide is-horizontal is-content-justification-center is-layout-flex wp-container-core-buttons-is-layout-13e4ec6f wp-block-buttons-is-layout-flex\" style=\"margin-top:26px\">\n<div class=\"wp-block-button\"><a class=\"wp-block-button__link wp-element-button\">Consultoria em Tecnologia<\/a><\/div>\n<\/div>\n<\/div><\/div>\n","protected":false},"excerpt":{"rendered":"<p>Nossos Servi\u00e7os Solu\u00e7\u00f5es em Sites e Plataformas Criamos sites modernos e funcionais para fortalecer sua presen\u00e7a digital. De p\u00e1ginas institucionais a e-commerces, entregamos interfaces intuitivas e responsivas. Desenvolvimento de Sistemas e Aplica\u00e7\u00f5es Desenvolvemos sistemas personalizados para otimizar processos e aumentar &hellip;<\/p>\n<p class=\"read-more\"> <a class=\"more-link\" href=\"https:\/\/ottomillrath.com\/\"> <span class=\"screen-reader-text\">Home<\/span> Read More &raquo;<\/a><\/p>\n","protected":false},"author":1,"featured_media":0,"parent":0,"menu_order":0,"comment_status":"closed","ping_status":"closed","template":"gutenberg-fullwidth.php","meta":{"footnotes":""},"class_list":["post-7","page","type-page","status-publish","hentry"],"_links":{"self":[{"href":"https:\/\/ottomillrath.com\/index.php\/wp-json\/wp\/v2\/pages\/7","targetHints":{"allow":["GET"]}}],"collection":[{"href":"https:\/\/ottomillrath.com\/index.php\/wp-json\/wp\/v2\/pages"}],"about":[{"href":"https:\/\/ottomillrath.com\/index.php\/wp-json\/wp\/v2\/types\/page"}],"author":[{"embeddable":true,"href":"https:\/\/ottomillrath.com\/index.php\/wp-json\/wp\/v2\/users\/1"}],"replies":[{"embeddable":true,"href":"https:\/\/ottomillrath.com\/index.php\/wp-json\/wp\/v2\/comments?post=7"}],"version-history":[{"count":3,"href":"https:\/\/ottomillrath.com\/index.php\/wp-json\/wp\/v2\/pages\/7\/revisions"}],"predecessor-version":[{"id":32,"href":"https:\/\/ottomillrath.com\/index.php\/wp-json\/wp\/v2\/pages\/7\/revisions\/32"}],"wp:attachment":[{"href":"https:\/\/ottomillrath.com\/index.php\/wp-json\/wp\/v2\/media?parent=7"}],"curies":[{"name":"wp","href":"https:\/\/api.w.org\/{rel}","templated":true}]}}